{"id":1234,"date":"2018-11-02T05:23:21","date_gmt":"2018-11-02T04:23:21","guid":{"rendered":"http:\/\/marinapuntaverde.it\/?page_id=1234"},"modified":"2022-09-24T11:03:25","modified_gmt":"2022-09-24T09:03:25","slug":"foto-video-galleria","status":"publish","type":"page","link":"https:\/\/marinapuntaverde.it\/de\/foto-video-galleria\/","title":{"rendered":"Galerie"},"content":{"rendered":"<div class=\"wpb-content-wrapper\">[mk_page_section bg_image=&#8220;http:\/\/marinapuntaverde.it\/wp-content\/uploads\/header_gallery.jpg&#8220; bg_position=&#8220;center top&#8220; bg_repeat=&#8220;no-repeat&#8220; bg_stretch=&#8220;true&#8220; adaptive_height=&#8220;true&#8220; max_height=&#8220;0&#8243; min_height=&#8220;0&#8243; full_width=&#8220;true&#8220; padding_top=&#8220;0&#8243; padding_bottom=&#8220;0&#8243; sidebar=&#8220;sidebar-1&#8243;][vc_column][\/vc_column][\/mk_page_section][mk_page_section bg_image=&#8220;http:\/\/marinapuntaverde.it\/wp-content\/uploads\/background_legno1.png&#8220; bg_position=&#8220;center bottom&#8220; bg_repeat=&#8220;repeat-x&#8220; min_height=&#8220;0&#8243; padding_top=&#8220;70&#8243; padding_bottom=&#8220;70&#8243; sidebar=&#8220;sidebar-1&#8243;][vc_column][mk_fancy_title color=&#8220;#454545&#8243; size=&#8220;&#8220; force_font_size=&#8220;true&#8220; size_phone=&#8220;15&#8243; font_weight=&#8220;600&#8243; txt_transform=&#8220;none&#8220; letter_spacing=&#8220;2&#8243; margin_top=&#8220;20&#8243; font_family=&#8220;none&#8220; align=&#8220;center&#8220;]A good place to be[\/mk_fancy_title][vc_column_text disable_pattern=&#8220;false&#8220; margin_bottom=&#8220;10&#8243; css=&#8220;.vc_custom_1553702970755{margin-bottom: 5px !important;}&#8220;]\n<p style=\"text-align: left;\">In Marina Punta Verde k\u00f6nnen Sie sich in einer einzigartigen Atmosph\u00e4re vertiefen, die durch die Begegnung des Gr\u00fcnen mit dem Meer geschaffen wird.<\/p>\n[\/vc_column_text][mk_fancy_title tag_name=&#8220;span&#8220; color=&#8220;#454545&#8243; size=&#8220;24&#8243; force_font_size=&#8220;true&#8220; size_phone=&#8220;15&#8243; font_weight=&#8220;600&#8243; txt_transform=&#8220;none&#8220; letter_spacing=&#8220;2&#8243; margin_top=&#8220;20&#8243; font_family=&#8220;none&#8220; align=&#8220;center&#8220;]Sie sind eingeladen[\/mk_fancy_title][\/vc_column][\/mk_page_section][mk_page_section vertical_align=&#8220;top&#8220; bg_image=&#8220;http:\/\/marinapuntaverde.it\/wp-content\/uploads\/selfie.png&#8220; bg_position=&#8220;center bottom&#8220; bg_repeat=&#8220;no-repeat&#8220; bg_stretch=&#8220;true&#8220; adaptive_height=&#8220;true&#8220; max_height=&#8220;&#8220; min_height=&#8220;&#8220; full_width=&#8220;true&#8220; padding_top=&#8220;0&#8243; padding_bottom=&#8220;70&#8243; sidebar=&#8220;sidebar-1&#8243;][vc_column][\/vc_column][\/mk_page_section][mk_page_section vertical_align=&#8220;top&#8220; bg_position=&#8220;center bottom&#8220; bg_repeat=&#8220;no-repeat&#8220; min_height=&#8220;&#8220; padding_top=&#8220;70&#8243; padding_bottom=&#8220;70&#8243; sidebar=&#8220;sidebar-1&#8243;][vc_column][mk_fancy_title color=&#8220;#454545&#8243; size=&#8220;&#8220; force_font_size=&#8220;true&#8220; size_phone=&#8220;15&#8243; font_weight=&#8220;600&#8243; txt_transform=&#8220;none&#8220; letter_spacing=&#8220;2&#8243; margin_top=&#8220;20&#8243; font_family=&#8220;none&#8220; align=&#8220;center&#8220;]Wir denken an alles[\/mk_fancy_title][vc_column_text disable_pattern=&#8220;false&#8220; margin_bottom=&#8220;10&#8243; css=&#8220;.vc_custom_1553279285102{margin-bottom: 5px !important;}&#8220;]\n<p style=\"text-align: center;\">Erhalten Sie eine Vorschau auf das, was Sie in Marina Punta Verde erwartet<\/p>\n[\/vc_column_text][\/vc_column][\/mk_page_section][mk_page_section vertical_align=&#8220;top&#8220; bg_position=&#8220;center bottom&#8220; bg_repeat=&#8220;no-repeat&#8220; min_height=&#8220;&#8220; padding_top=&#8220;0&#8243; padding_bottom=&#8220;0&#8243; sidebar=&#8220;sidebar-1&#8243;][vc_column][mk_fancy_title color=&#8220;#454545&#8243; size=&#8220;&#8220; force_font_size=&#8220;true&#8220; size_phone=&#8220;15&#8243; font_weight=&#8220;600&#8243; txt_transform=&#8220;none&#8220; letter_spacing=&#8220;2&#8243; margin_top=&#8220;20&#8243; font_family=&#8220;none&#8220; align=&#8220;center&#8220;]Durchsuchen Sie die Galerie[\/mk_fancy_title][\/vc_column][\/mk_page_section][vc_row fullwidth=&#8220;true&#8220; id=&#8220;gallery-topics&#8220;][vc_column width=&#8220;1\/3&#8243;][mk_custom_box padding_vertical=&#8220;100&#8243; padding_horizental=&#8220;40&#8243; margin_bottom=&#8220;0&#8243; min_height=&#8220;300&#8243; bg_image=&#8220;http:\/\/marinapuntaverde.it\/wp-content\/uploads\/gallery_porto.jpg&#8220; background_hov_color_style=&#8220;image&#8220; bg_image_hov_effect=&#8220;zoom-in&#8220; bg_stretch=&#8220;false&#8220;][mk_fancy_title tag_name=&#8220;h3&#8243; color=&#8220;#ffffff&#8220; size=&#8220;30&#8243; margin_top=&#8220;20&#8243; font_family=&#8220;none&#8220; align=&#8220;center&#8220;]\n<span class='pum-trigger  popmake-1537  ' data-do-default=''>Der hafen<\/span>\n[\/mk_fancy_title][\/mk_custom_box][\/vc_column][vc_column width=&#8220;1\/3&#8243;][mk_custom_box padding_vertical=&#8220;100&#8243; padding_horizental=&#8220;40&#8243; margin_bottom=&#8220;0&#8243; min_height=&#8220;300&#8243; bg_image=&#8220;http:\/\/marinapuntaverde.it\/wp-content\/uploads\/gallery_piscina.jpg&#8220; background_hov_color_style=&#8220;image&#8220; bg_image_hov_effect=&#8220;zoom-in&#8220; bg_stretch=&#8220;false&#8220;][mk_fancy_title tag_name=&#8220;h3&#8243; color=&#8220;#ffffff&#8220; size=&#8220;30&#8243; margin_top=&#8220;20&#8243; font_family=&#8220;none&#8220; align=&#8220;center&#8220;]\n<span class='pum-trigger  popmake-1541  ' data-do-default=''>Das Schwimmbad<\/span>\n[\/mk_fancy_title][\/mk_custom_box][\/vc_column][vc_column width=&#8220;1\/3&#8243;][mk_custom_box padding_vertical=&#8220;100&#8243; padding_horizental=&#8220;40&#8243; margin_bottom=&#8220;0&#8243; min_height=&#8220;300&#8243; bg_image=&#8220;http:\/\/marinapuntaverde.it\/wp-content\/uploads\/gallery_ristorante.jpg&#8220; background_hov_color_style=&#8220;image&#8220; bg_image_hov_effect=&#8220;zoom-in&#8220; bg_stretch=&#8220;false&#8220;][mk_fancy_title tag_name=&#8220;h3&#8243; color=&#8220;#ffffff&#8220; size=&#8220;30&#8243; margin_top=&#8220;20&#8243; font_family=&#8220;none&#8220; align=&#8220;center&#8220;]\n<span class='pum-trigger  popmake-1543  ' data-do-default=''>Das Restaurant<\/span>\n[\/mk_fancy_title][\/mk_custom_box][\/vc_column][\/vc_row][vc_row fullwidth=&#8220;true&#8220; id=&#8220;gallery-topics&#8220;][vc_column width=&#8220;1\/3&#8243;][mk_custom_box padding_vertical=&#8220;100&#8243; padding_horizental=&#8220;40&#8243; margin_bottom=&#8220;0&#8243; min_height=&#8220;300&#8243; bg_image=&#8220;http:\/\/marinapuntaverde.it\/wp-content\/uploads\/gallery_storia.jpg&#8220; background_hov_color_style=&#8220;image&#8220; bg_image_hov_effect=&#8220;zoom-in&#8220; bg_stretch=&#8220;false&#8220;][mk_fancy_title tag_name=&#8220;h3&#8243; color=&#8220;#ffffff&#8220; size=&#8220;30&#8243; margin_top=&#8220;20&#8243; font_family=&#8220;none&#8220; align=&#8220;center&#8220;]\n<span class='pum-trigger  popmake-1546  ' data-do-default=''>Geschichte<\/span>\n[\/mk_fancy_title][\/mk_custom_box][\/vc_column][vc_column width=&#8220;1\/3&#8243;][mk_custom_box padding_vertical=&#8220;100&#8243; padding_horizental=&#8220;40&#8243; margin_bottom=&#8220;0&#8243; min_height=&#8220;300&#8243; bg_image=&#8220;http:\/\/marinapuntaverde.it\/wp-content\/uploads\/gallery_natura.jpg&#8220; background_hov_color_style=&#8220;image&#8220; bg_image_hov_effect=&#8220;zoom-in&#8220; bg_stretch=&#8220;false&#8220;][mk_fancy_title tag_name=&#8220;h3&#8243; color=&#8220;#ffffff&#8220; size=&#8220;30&#8243; margin_top=&#8220;20&#8243; font_family=&#8220;none&#8220; align=&#8220;center&#8220;]\n<span class='pum-trigger  popmake-1548  ' data-do-default=''>Natur<\/span>\n[\/mk_fancy_title][\/mk_custom_box][\/vc_column][vc_column width=&#8220;1\/3&#8243;][mk_custom_box padding_vertical=&#8220;100&#8243; padding_horizental=&#8220;40&#8243; margin_bottom=&#8220;0&#8243; min_height=&#8220;300&#8243; bg_image=&#8220;http:\/\/marinapuntaverde.it\/wp-content\/uploads\/gallery_video.jpg&#8220; background_hov_color_style=&#8220;image&#8220; bg_image_hov_effect=&#8220;zoom-in&#8220; bg_stretch=&#8220;false&#8220;][mk_fancy_title tag_name=&#8220;h3&#8243; color=&#8220;#ffffff&#8220; size=&#8220;30&#8243; margin_top=&#8220;20&#8243; font_family=&#8220;none&#8220; align=&#8220;center&#8220;]\n<span class='pum-trigger  popmake-2030  ' data-do-default=''>Video<\/span>\n[\/mk_fancy_title][\/mk_custom_box][\/vc_column][\/vc_row][mk_page_section bg_image=&#8220;http:\/\/marinapuntaverde.it\/wp-content\/uploads\/background_legno1.png&#8220; bg_position=&#8220;center top&#8220; bg_repeat=&#8220;repeat-x&#8220; min_height=&#8220;0&#8243; padding_top=&#8220;70&#8243; padding_bottom=&#8220;70&#8243; sidebar=&#8220;sidebar-1&#8243;][vc_column][mk_padding_divider size=&#8220;70&#8243;][\/vc_column][\/mk_page_section]\n<\/div>","protected":false},"excerpt":{"rendered":"<p>[mk_page_section bg_image=&#8220;http:\/\/marinapuntaverde.it\/wp-content\/uploads\/header_gallery.jpg&#8220; bg_position=&#8220;center top&#8220; bg_repeat=&#8220;no-repeat&#8220; bg_stretch=&#8220;true&#8220; adaptive_height=&#8220;true&#8220; max_height=&#8220;0&#8243; min_height=&#8220;0&#8243; full_width=&#8220;true&#8220; padding_top=&#8220;0&#8243; padding_bottom=&#8220;0&#8243; sidebar=&#8220;sidebar-1&#8243;][vc_column][\/vc_column][\/mk_page_section][mk_page_section bg_image=&#8220;http:\/\/marinapuntaverde.it\/wp-content\/uploads\/background_legno1.png&#8220; bg_position=&#8220;center bottom&#8220; bg_repeat=&#8220;repeat-x&#8220; min_height=&#8220;0&#8243; padding_top=&#8220;70&#8243; padding_bottom=&#8220;70&#8243; sidebar=&#8220;sidebar-1&#8243;][vc_column][mk_fancy_title color=&#8220;#454545&#8243; size=&#8220;&#8220; force_font_size=&#8220;true&#8220; size_phone=&#8220;15&#8243; font_weight=&#8220;600&#8243; txt_transform=&#8220;none&#8220; letter_spacing=&#8220;2&#8243; margin_top=&#8220;20&#8243; font_family=&#8220;none&#8220; align=&#8220;center&#8220;]A good place to be[\/mk_fancy_title][vc_column_text disable_pattern=&#8220;false&#8220; margin_bottom=&#8220;10&#8243; css=&#8220;.vc_custom_1553702970755{margin-bottom: 5px !important;}&#8220;]<br \/>\nIn Marina Punta Verde k\u00f6nnen Sie sich in einer einzigartigen Atmosph\u00e4re vertiefen, die durch die Begegnung des Gr\u00fcnen mit dem Meer geschaffen wird.<br \/>\n[\/vc_column_text][mk_fancy_title tag_name=&#8220;span&#8220; color=&#8220;#454545&#8243; size=&#8220;24&#8243; force_font_size=&#8220;true&#8220; size_phone=&#8220;15&#8243; font_weight=&#8220;600&#8243; txt_transform=&#8220;none&#8220; letter_spacing=&#8220;2&#8243; margin_top=&#8220;20&#8243; font_family=&#8220;none&#8220; align=&#8220;center&#8220;]Sie sind eingeladen[\/mk_fancy_title][\/vc_column][\/mk_page_section][mk_page_section vertical_align=&#8220;top&#8220; bg_image=&#8220;http:\/\/marinapuntaverde.it\/wp-content\/uploads\/selfie.png&#8220; bg_position=&#8220;center bottom&#8220; bg_repeat=&#8220;no-repeat&#8220; bg_stretch=&#8220;true&#8220; adaptive_height=&#8220;true&#8220; max_height=&#8220;&#8220; min_height=&#8220;&#8220; full_width=&#8220;true&#8220; padding_top=&#8220;0&#8243; padding_bottom=&#8220;70&#8243; sidebar=&#8220;sidebar-1&#8243;][vc_column][\/vc_column][\/mk_page_section][mk_page_section vertical_align=&#8220;top&#8220; bg_position=&#8220;center bottom&#8220; bg_repeat=&#8220;no-repeat&#8220; min_height=&#8220;&#8220; padding_top=&#8220;70&#8243; padding_bottom=&#8220;70&#8243; sidebar=&#8220;sidebar-1&#8243;][vc_column][mk_fancy_title color=&#8220;#454545&#8243; size=&#8220;&#8220; force_font_size=&#8220;true&#8220; size_phone=&#8220;15&#8243; font_weight=&#8220;600&#8243; txt_transform=&#8220;none&#8220; letter_spacing=&#8220;2&#8243; margin_top=&#8220;20&#8243; font_family=&#8220;none&#8220; align=&#8220;center&#8220;]Wir denken an alles[\/mk_fancy_title][vc_column_text disable_pattern=&#8220;false&#8220; margin_bottom=&#8220;10&#8243; css=&#8220;.vc_custom_1553279285102{margin-bottom: 5px !important;}&#8220;]<br \/>\nErhalten Sie eine Vorschau auf das, was Sie in Marina Punta Verde erwartet<br \/>\n[\/vc_column_text][\/vc_column][\/mk_page_section][mk_page_section vertical_align=&#8220;top&#8220; bg_position=&#8220;center bottom&#8220; bg_repeat=&#8220;no-repeat&#8220; min_height=&#8220;&#8220; padding_top=&#8220;0&#8243; padding_bottom=&#8220;0&#8243; sidebar=&#8220;sidebar-1&#8243;][vc_column][mk_fancy_title color=&#8220;#454545&#8243; size=&#8220;&#8220; force_font_size=&#8220;true&#8220; size_phone=&#8220;15&#8243; font_weight=&#8220;600&#8243; txt_transform=&#8220;none&#8220; letter_spacing=&#8220;2&#8243; margin_top=&#8220;20&#8243; font_family=&#8220;none&#8220; align=&#8220;center&#8220;]Durchsuchen Sie die Galerie[\/mk_fancy_title][\/vc_column][\/mk_page_section][vc_row fullwidth=&#8220;true&#8220; id=&#8220;gallery-topics&#8220;][vc_column width=&#8220;1\/3&#8243;][mk_custom_box padding_vertical=&#8220;100&#8243; padding_horizental=&#8220;40&#8243; margin_bottom=&#8220;0&#8243; min_height=&#8220;300&#8243; bg_image=&#8220;http:\/\/marinapuntaverde.it\/wp-content\/uploads\/gallery_porto.jpg&#8220; background_hov_color_style=&#8220;image&#8220; bg_image_hov_effect=&#8220;zoom-in&#8220; bg_stretch=&#8220;false&#8220;][mk_fancy_title tag_name=&#8220;h3&#8243; color=&#8220;#ffffff&#8220; size=&#8220;30&#8243; margin_top=&#8220;20&#8243; font_family=&#8220;none&#8220; align=&#8220;center&#8220;]<br \/>\n[\/mk_fancy_title][\/mk_custom_box][\/vc_column][vc_column width=&#8220;1\/3&#8243;][mk_custom_box padding_vertical=&#8220;100&#8243; padding_horizental=&#8220;40&#8243; margin_bottom=&#8220;0&#8243; min_height=&#8220;300&#8243; bg_image=&#8220;http:\/\/marinapuntaverde.it\/wp-content\/uploads\/gallery_piscina.jpg&#8220; background_hov_color_style=&#8220;image&#8220; bg_image_hov_effect=&#8220;zoom-in&#8220; bg_stretch=&#8220;false&#8220;][mk_fancy_title tag_name=&#8220;h3&#8243; color=&#8220;#ffffff&#8220; size=&#8220;30&#8243; margin_top=&#8220;20&#8243; font_family=&#8220;none&#8220; align=&#8220;center&#8220;]<br \/>\n[\/mk_fancy_title][\/mk_custom_box][\/vc_column][vc_column width=&#8220;1\/3&#8243;][mk_custom_box padding_vertical=&#8220;100&#8243; padding_horizental=&#8220;40&#8243; margin_bottom=&#8220;0&#8243; min_height=&#8220;300&#8243; bg_image=&#8220;http:\/\/marinapuntaverde.it\/wp-content\/uploads\/gallery_ristorante.jpg&#8220; background_hov_color_style=&#8220;image&#8220; bg_image_hov_effect=&#8220;zoom-in&#8220; bg_stretch=&#8220;false&#8220;][mk_fancy_title tag_name=&#8220;h3&#8243; color=&#8220;#ffffff&#8220; size=&#8220;30&#8243; margin_top=&#8220;20&#8243; font_family=&#8220;none&#8220; align=&#8220;center&#8220;]<br \/>\n[\/mk_fancy_title][\/mk_custom_box][\/vc_column][\/vc_row][vc_row fullwidth=&#8220;true&#8220;<\/p>\n","protected":false},"author":1,"featured_media":0,"parent":0,"menu_order":0,"comment_status":"closed","ping_status":"closed","template":"","meta":{"footnotes":""},"class_list":["post-1234","page","type-page","status-publish","hentry"],"aioseo_notices":[],"_links":{"self":[{"href":"https:\/\/marinapuntaverde.it\/de\/wp-json\/wp\/v2\/pages\/1234","targetHints":{"allow":["GET"]}}],"collection":[{"href":"https:\/\/marinapuntaverde.it\/de\/wp-json\/wp\/v2\/pages"}],"about":[{"href":"https:\/\/marinapuntaverde.it\/de\/wp-json\/wp\/v2\/types\/page"}],"author":[{"embeddable":true,"href":"https:\/\/marinapuntaverde.it\/de\/wp-json\/wp\/v2\/users\/1"}],"replies":[{"embeddable":true,"href":"https:\/\/marinapuntaverde.it\/de\/wp-json\/wp\/v2\/comments?post=1234"}],"version-history":[{"count":19,"href":"https:\/\/marinapuntaverde.it\/de\/wp-json\/wp\/v2\/pages\/1234\/revisions"}],"predecessor-version":[{"id":2118,"href":"https:\/\/marinapuntaverde.it\/de\/wp-json\/wp\/v2\/pages\/1234\/revisions\/2118"}],"wp:attachment":[{"href":"https:\/\/marinapuntaverde.it\/de\/wp-json\/wp\/v2\/media?parent=1234"}],"curies":[{"name":"wp","href":"https:\/\/api.w.org\/{rel}","templated":true}]}}