{"id":1231,"date":"2017-01-09T09:53:04","date_gmt":"2017-01-09T09:53:04","guid":{"rendered":"http:\/\/marinapuntaverde.it\/?page_id=1231"},"modified":"2022-12-07T05:28:10","modified_gmt":"2022-12-07T04:28:10","slug":"kontakte","status":"publish","type":"page","link":"https:\/\/marinapuntaverde.it\/de\/kontakte\/","title":{"rendered":"Kontakte"},"content":{"rendered":"<div class=\"wpb-content-wrapper\">[mk_page_section bg_image=&#8220;http:\/\/marinapuntaverde.it\/wp-content\/uploads\/header_contatti.jpg&#8220; bg_position=&#8220;center bottom&#8220; bg_repeat=&#8220;no-repeat&#8220; bg_stretch=&#8220;true&#8220; adaptive_height=&#8220;true&#8220; max_height=&#8220;0&#8243; min_height=&#8220;0&#8243; full_width=&#8220;true&#8220; js_vertical_centered=&#8220;true&#8220; padding_top=&#8220;0&#8243; padding_bottom=&#8220;0&#8243; sidebar=&#8220;sidebar-1&#8243;][vc_column][\/vc_column][\/mk_page_section][vc_row fullwidth=&#8220;true&#8220; css=&#8220;.vc_custom_1542104562073{padding-top: 70px !important;}&#8220;][vc_column width=&#8220;1\/6&#8243;][\/vc_column][vc_column width=&#8220;2\/3&#8243;][mk_fancy_title tag_name=&#8220;h4&#8243; color=&#8220;#454545&#8243; size=&#8220;20&#8243; font_weight=&#8220;500&#8243; txt_transform=&#8220;none&#8220; letter_spacing=&#8220;4&#8243; margin_bottom=&#8220;0&#8243; font_family=&#8220;none&#8220; align=&#8220;center&#8220;]\n<h3>M\u00f6chten Sie mehr Informationen?<\/h3>\n[\/mk_fancy_title][vc_column_text disable_pattern=&#8220;false&#8220; align=&#8220;center&#8220; css=&#8220;.vc_custom_1553615752412{margin-bottom: 0px !important;}&#8220;]F\u00fcllen Sie den Kontakt Formular aus, wir werden schnellm\u00f6glichstantworten[\/vc_column_text][mk_padding_divider][vc_column_text css=&#8220;.vc_custom_1553069132098{margin-bottom: 0px !important;}&#8220;]\n<div class=\"wpcf7 no-js\" id=\"wpcf7-f1464-o1\" lang=\"it-IT\" dir=\"ltr\" data-wpcf7-id=\"1464\">\n<div class=\"screen-reader-response\"><p role=\"status\" aria-live=\"polite\" aria-atomic=\"true\"><\/p> <ul><\/ul><\/div>\n<form action=\"\/de\/wp-json\/wp\/v2\/pages\/1231#wpcf7-f1464-o1\" method=\"post\" class=\"wpcf7-form init wpcf7-acceptance-as-validation\" aria-label=\"Modulo di contatto\" novalidate=\"novalidate\" data-status=\"init\">\n<fieldset class=\"hidden-fields-container\"><input type=\"hidden\" name=\"_wpcf7\" value=\"1464\" \/><input type=\"hidden\" name=\"_wpcf7_version\" value=\"6.1.5\" \/><input type=\"hidden\" name=\"_wpcf7_locale\" value=\"it_IT\" \/><input type=\"hidden\" name=\"_wpcf7_unit_tag\" value=\"wpcf7-f1464-o1\" \/><input type=\"hidden\" name=\"_wpcf7_container_post\" value=\"0\" \/><input type=\"hidden\" name=\"_wpcf7_posted_data_hash\" value=\"\" \/>\n<\/fieldset>\n<div>\n\t<div class=\"vc_col-sm-6\">\n\t\t<p><label> Name (ben\u00f6tigtes Feld)<br \/>\n<span class=\"wpcf7-form-control-wrap\" data-name=\"your-name\"><input size=\"40\" maxlength=\"400\" class=\"wpcf7-form-control wpcf7-text wpcf7-validates-as-required\" aria-required=\"true\" aria-invalid=\"false\" value=\"\" type=\"text\" name=\"your-name\" \/><\/span> <\/label>\n\t\t<\/p>\n\t\t<p><label> Nachname (ben\u00f6tigtes Feld)<br \/>\n<span class=\"wpcf7-form-control-wrap\" data-name=\"your-surname\"><input size=\"40\" maxlength=\"400\" class=\"wpcf7-form-control wpcf7-text wpcf7-validates-as-required\" aria-required=\"true\" aria-invalid=\"false\" value=\"\" type=\"text\" name=\"your-surname\" \/><\/span> <\/label>\n\t\t<\/p>\n\t\t<p><label> Email (ben\u00f6tigtes Feld)<br \/>\n<span class=\"wpcf7-form-control-wrap\" data-name=\"your-email\"><input size=\"40\" maxlength=\"400\" class=\"wpcf7-form-control wpcf7-email wpcf7-validates-as-required wpcf7-text wpcf7-validates-as-email\" aria-required=\"true\" aria-invalid=\"false\" value=\"\" type=\"email\" name=\"your-email\" \/><\/span> <\/label>\n\t\t<\/p>\n\t\t<p><label> Betreff (ben\u00f6tigtes Feld)<br \/>\n<span class=\"wpcf7-form-control-wrap\" data-name=\"your-subject\"><input size=\"40\" maxlength=\"400\" class=\"wpcf7-form-control wpcf7-text wpcf7-validates-as-required\" aria-required=\"true\" aria-invalid=\"false\" value=\"\" type=\"text\" name=\"your-subject\" \/><\/span> <\/label>\n\t\t<\/p>\n\t\t<p><label> Ihre Nachricht<br \/>\n<span class=\"wpcf7-form-control-wrap\" data-name=\"your-message\"><textarea cols=\"40\" rows=\"10\" maxlength=\"2000\" class=\"wpcf7-form-control wpcf7-textarea\" aria-invalid=\"false\" name=\"your-message\"><\/textarea><\/span> <\/label>\n\t\t<\/p>\n\t<\/div>\n\t<div class=\"vc_col-sm-6\">\n\t\t<p><label> Werft und Modell des Bootes<br \/>\n<span class=\"wpcf7-form-control-wrap\" data-name=\"boat-model\"><input size=\"40\" maxlength=\"400\" class=\"wpcf7-form-control wpcf7-text\" aria-invalid=\"false\" value=\"\" type=\"text\" name=\"boat-model\" \/><\/span> <\/label>\n\t\t<\/p>\n\t\t<p><label> L\u00e4nge \u00fcber alles<br \/>\n<span class=\"wpcf7-form-control-wrap\" data-name=\"boat-lenght\"><input size=\"40\" maxlength=\"400\" class=\"wpcf7-form-control wpcf7-text\" aria-invalid=\"false\" value=\"\" type=\"text\" name=\"boat-lenght\" \/><\/span> <\/label>\n\t\t<\/p>\n\t\t<p><label> Breite \u00fcber alles<br \/>\n<span class=\"wpcf7-form-control-wrap\" data-name=\"boat-width\"><input size=\"40\" maxlength=\"400\" class=\"wpcf7-form-control wpcf7-text\" aria-invalid=\"false\" value=\"\" type=\"text\" name=\"boat-width\" \/><\/span> <\/label>\n\t\t<\/p>\n\t\t<p><label> Tiefgang<br \/>\n<span class=\"wpcf7-form-control-wrap\" data-name=\"boat-draft\"><input size=\"40\" maxlength=\"400\" class=\"wpcf7-form-control wpcf7-text\" aria-invalid=\"false\" value=\"\" type=\"text\" name=\"boat-draft\" \/><\/span> <\/label>\n\t\t<\/p>\n\t\t<p><label> Ich interessiere mich an:<\/label><br \/>\n<span class=\"wpcf7-form-control-wrap\" data-name=\"checkbox-953\"><span class=\"wpcf7-form-control wpcf7-checkbox\"><span class=\"wpcf7-list-item first\"><input type=\"checkbox\" name=\"checkbox-953[]\" value=\"Jahres\/Saison Liegeplatz\" \/><span class=\"wpcf7-list-item-label\">Jahres\/Saison Liegeplatz<\/span><\/span><span class=\"wpcf7-list-item\"><input type=\"checkbox\" name=\"checkbox-953[]\" value=\"Tagesliegeplatz\" \/><span class=\"wpcf7-list-item-label\">Tagesliegeplatz<\/span><\/span><span class=\"wpcf7-list-item last\"><input type=\"checkbox\" name=\"checkbox-953[]\" value=\"Landliegeplatz\" \/><span class=\"wpcf7-list-item-label\">Landliegeplatz<\/span><\/span><\/span><\/span>\n\t\t<\/p>\n\t\t<p><label> Beantworte die Frage:<\/label><br \/>\n<span class=\"wpcf7-form-control-wrap\" data-name=\"quiz-397\"><label><span class=\"wpcf7-quiz-label\">Welche ist die Hauptstadt von Italien?<\/span> <input size=\"40\" class=\"wpcf7-form-control wpcf7-quiz\" id=\"contact-quiz\" autocomplete=\"off\" aria-required=\"true\" aria-invalid=\"false\" type=\"text\" name=\"quiz-397\" \/><\/label><input type=\"hidden\" name=\"_wpcf7_quiz_answer_quiz-397\" value=\"fe970bd7a47680b72eebd40703230a7e\" \/><\/span>\n\t\t<\/p>\n\t\t<p><span class=\"wpcf7-form-control-wrap\" data-name=\"privacy_acceptance\"><span class=\"wpcf7-form-control wpcf7-acceptance\"><span class=\"wpcf7-list-item\"><label><input type=\"checkbox\" name=\"privacy_acceptance\" value=\"1\" aria-invalid=\"false\" \/><span class=\"wpcf7-list-item-label\">Ich habe die<a target=\"_blank\" href=\"https:\/\/marinapuntaverde.it\/privacy-policy\/\"> Datenschutzerkl\u00e4rung<\/a> gelesen und akzeptiert<\/span><\/label><\/span><\/span><\/span>\n\t\t<\/p>\n\t\t<p><span id=\"wpcf7-69f32bd2482a4-wrapper\" class=\"wpcf7-form-control-wrap name_check-wrap\" ><label for=\"name_check\" class=\"hp-message\">Si prega di lasciare vuoto questo campo.<\/label><input id=\"name_check\"  class=\"wpcf7-form-control wpcf7-text\" type=\"text\" name=\"name_check\" value=\"\" size=\"40\" tabindex=\"-1\" autocomplete=\"new-password\" \/><\/span>\n\t\t<\/p>\n\t\t<p><input class=\"wpcf7-form-control wpcf7-submit has-spinner\" type=\"submit\" value=\"Senden\" \/>\n\t\t<\/p>\n\t<\/div>\n\t<div class=\"clearboth\">\n\t<\/div>\n<\/div><input type='hidden' class='wpcf7-pum' value='{\"closepopup\":false,\"closedelay\":0,\"openpopup\":false,\"openpopup_id\":0}' \/><div class=\"wpcf7-response-output\" aria-hidden=\"true\"><\/div>\n<\/form>\n<\/div>\n[\/vc_column_text][\/vc_column][vc_column width=&#8220;1\/6&#8243;][\/vc_column][\/vc_row][vc_row][vc_column][mk_padding_divider size=&#8220;100&#8243;][\/vc_column][\/vc_row][mk_page_section bg_color=&#8220;#454545&#8243; bg_repeat=&#8220;no-repeat&#8220; bg_stretch=&#8220;true&#8220; padding_top=&#8220;80&#8243; padding_bottom=&#8220;60&#8243; sidebar=&#8220;sidebar-1&#8243;][vc_column][vc_row_inner][vc_column_inner width=&#8220;1\/2&#8243;][mk_fancy_title tag_name=&#8220;h4&#8243; color=&#8220;#ffffff&#8220; size=&#8220;20&#8243; font_weight=&#8220;400&#8243; txt_transform=&#8220;none&#8220; letter_spacing=&#8220;4&#8243; margin_top=&#8220;5&#8243; font_family=&#8220;none&#8220;]Anfahrt[\/mk_fancy_title][vc_column_text disable_pattern=&#8220;false&#8220; margin_bottom=&#8220;20&#8243; el_class=&#8220;white&#8220; css=&#8220;.vc_custom_1553423423594{margin-bottom: 20px !important;}&#8220;]MARINA PUNTA VERDE S.R.L.<br \/>\nVia G. Scerbanenco, 17\/1 \u2013 I-33054 Lignano Sabbiadoro UD<br \/>\nTel. +39(0)431427131 Fax. +39(0)431427290<br \/>\nemail: info@marinapuntaverde.it Pec: marinapuntaverde@pec.it<\/p>\n<p>Der Hafen <strong>Marina Punta Verde<\/strong> (45\u00b039&#8242;, 42N 13\u00b003&#8242;, 98E) liegt am linken Ufer des Tagliamento ca. 2 Km. vor der Flussm\u00fcndung und geh\u00f6rt zur Gemeinde Lignano Sabbiadoro. <strong>Vom Meer<\/strong> aus ist er durch den mit roten und gr\u00fcnen Pf\u00e4le gekennzeichneeter Kanal zu erreichen. Die venezianische Uferseite wird vom Leuchtturm Punta Tagliamento signalisiert (Nr. 4288 &#8211; E2518, wei\u00dfes Blinklicht, Gr. 3, in 10 Sek.- Abst\u00e4nde, Tragweite 15 Mn. Sichtbar im Sektor 210\u00b0 &#8211; 50\u00b0, Koor. 45\u00b038&#8242;, 33N 13\u00b006&#8242;, 43E). W\u00e4hrend der Winterszeit, inbesondere nach Hochwasser und Sturmflut, Muss man sehr vorsichtig in den Kanal einfahren. ein ununterbrochenes ausloten wegen der sich im innern bildenen Sandb\u00e4nke ist au\u00dferordentlich wichtig.<\/p>\n<p><strong>Auf dem Landweg<\/strong> nehmen sie Autobahn A4 Autobahnausfahrt LATISANA). Von dort f\u00e4hrt man auf der Schnellstra\u00dfe S.R. 354 weiter. Folgen Sie die beschilderung 18 Km. Richtung Lignano Sabbiadoro. Beim Einfahrtskreisverkehr in Lignano rechts abbiegen und nach 3 Km. sind Sie in via Scerbanenco, Eingang der Marina.<\/p>\n<p>Wer lieber<strong> Zug<\/strong> f\u00e4hrt muss im Bahnhof LATISANA-LIGNANO-BIBIONE aussteigen. Von dort aus erreicht man Lignano entweder mit dem Bus oder mit einem Taxi.<\/p>\n<p>Zieht Man das <strong>fliegen<\/strong> vor, so liegt der n\u00e4heste Flugplatz in Ronchi dei Legionari (TRIEST), ca. 65 Km. von Lignano entfernt. W\u00e4hrend der Sommersaison kann man die Busverbindungen ben\u00fctzen oder ein Auto Mieten.[\/vc_column_text][mk_social_networks size=&#8220;large&#8220; style=&#8220;simple&#8220; margin=&#8220;10&#8243; icon_color=&#8220;#727272&#8243; icon_hover_color=&#8220;#eeeeee&#8220; facebook=&#8220;https:\/\/www.facebook.com\/marinapuntaverde\/&#8220; instagram=&#8220;https:\/\/www.instagram.com\/marina_punta_verde\/&#8220;][\/vc_column_inner][vc_column_inner width=&#8220;1\/2&#8243;][mk_image src=&#8220;https:\/\/marinapuntaverde.it\/wp-content\/uploads\/map_marinapuntaverde.jpg&#8220; image_size=&#8220;full&#8220; margin_bottom=&#8220;30&#8243;][\/vc_column_inner][\/vc_row_inner][\/vc_column][\/mk_page_section]\n<\/div>","protected":false},"excerpt":{"rendered":"<p>[mk_page_section bg_image=&#8220;http:\/\/marinapuntaverde.it\/wp-content\/uploads\/header_contatti.jpg&#8220; bg_position=&#8220;center bottom&#8220; bg_repeat=&#8220;no-repeat&#8220; bg_stretch=&#8220;true&#8220; adaptive_height=&#8220;true&#8220; max_height=&#8220;0&#8243; min_height=&#8220;0&#8243; full_width=&#8220;true&#8220; js_vertical_centered=&#8220;true&#8220; padding_top=&#8220;0&#8243; padding_bottom=&#8220;0&#8243; sidebar=&#8220;sidebar-1&#8243;][vc_column][\/vc_column][\/mk_page_section][vc_row fullwidth=&#8220;true&#8220; css=&#8220;.vc_custom_1542104562073{padding-top: 70px !important;}&#8220;][vc_column width=&#8220;1\/6&#8243;][\/vc_column][vc_column width=&#8220;2\/3&#8243;][mk_fancy_title tag_name=&#8220;h4&#8243; color=&#8220;#454545&#8243; size=&#8220;20&#8243; font_weight=&#8220;500&#8243; txt_transform=&#8220;none&#8220; letter_spacing=&#8220;4&#8243; margin_bottom=&#8220;0&#8243; font_family=&#8220;none&#8220; align=&#8220;center&#8220;]<br \/>\nM\u00f6chten Sie mehr Informationen?<br \/>\n[\/mk_fancy_title][vc_column_text disable_pattern=&#8220;false&#8220; align=&#8220;center&#8220; css=&#8220;.vc_custom_1553615752412{margin-bottom: 0px !important;}&#8220;]F\u00fcllen Sie den Kontakt Formular aus, wir werden schnellm\u00f6glichstantworten[\/vc_column_text][mk_padding_divider][vc_column_text css=&#8220;.vc_custom_1553069132098{margin-bottom: 0px !important;}&#8220;][\/vc_column_text][\/vc_column][vc_column width=&#8220;1\/6&#8243;][\/vc_column][\/vc_row][vc_row][vc_column][mk_padding_divider size=&#8220;100&#8243;][\/vc_column][\/vc_row][mk_page_section bg_color=&#8220;#454545&#8243; bg_repeat=&#8220;no-repeat&#8220; bg_stretch=&#8220;true&#8220; padding_top=&#8220;80&#8243; padding_bottom=&#8220;60&#8243; sidebar=&#8220;sidebar-1&#8243;][vc_column][vc_row_inner][vc_column_inner width=&#8220;1\/2&#8243;][mk_fancy_title tag_name=&#8220;h4&#8243; color=&#8220;#ffffff&#8220; size=&#8220;20&#8243; font_weight=&#8220;400&#8243; txt_transform=&#8220;none&#8220; letter_spacing=&#8220;4&#8243; margin_top=&#8220;5&#8243; font_family=&#8220;none&#8220;]Anfahrt[\/mk_fancy_title][vc_column_text disable_pattern=&#8220;false&#8220; margin_bottom=&#8220;20&#8243; el_class=&#8220;white&#8220; css=&#8220;.vc_custom_1553423423594{margin-bottom: 20px !important;}&#8220;]MARINA PUNTA VERDE S.R.L.<br \/>\nVia G. Scerbanenco, 17\/1 \u2013 I-33054 Lignano Sabbiadoro UD<br \/>\nTel. +39(0)431427131 Fax. +39(0)431427290<br \/>\nemail: info@marinapuntaverde.it Pec: marinapuntaverde@pec.it<br \/>\nDer Hafen <strong>Marina Punta Verde<\/strong> (45\u00b039&#8242;, 42N 13\u00b003&#8242;, 98E) liegt am linken Ufer des Tagliamento ca. 2 Km. vor der Flussm\u00fcndung und geh\u00f6rt zur Gemeinde Lignano Sabbiadoro. <strong>Vom Meer<\/strong> aus ist er durch den mit roten und gr\u00fcnen Pf\u00e4le gekennzeichneeter Kanal zu erreichen. Die venezianische Uferseite wird vom Leuchtturm Punta Tagliamento signalisiert (Nr. 4288 &#8211; E2518, wei\u00dfes Blinklicht, Gr. 3, in 10 Sek.- Abst\u00e4nde, Tragweite 15 Mn. Sichtbar im Sektor 210\u00b0 &#8211; 50\u00b0, Koor. 45\u00b038&#8242;, 33N 13\u00b006&#8242;, 43E). W\u00e4hrend der Winterszeit, inbesondere nach Hochwasser und Sturmflut, Muss man sehr vorsichtig in den Kanal einfahren. ein ununterbrochenes ausloten wegen der sich im innern bildenen Sandb\u00e4nke ist au\u00dferordentlich wichtig.<\/p>\n","protected":false},"author":1,"featured_media":0,"parent":0,"menu_order":0,"comment_status":"closed","ping_status":"closed","template":"","meta":{"footnotes":""},"class_list":["post-1231","page","type-page","status-publish","hentry"],"aioseo_notices":[],"_links":{"self":[{"href":"https:\/\/marinapuntaverde.it\/de\/wp-json\/wp\/v2\/pages\/1231","targetHints":{"allow":["GET"]}}],"collection":[{"href":"https:\/\/marinapuntaverde.it\/de\/wp-json\/wp\/v2\/pages"}],"about":[{"href":"https:\/\/marinapuntaverde.it\/de\/wp-json\/wp\/v2\/types\/page"}],"author":[{"embeddable":true,"href":"https:\/\/marinapuntaverde.it\/de\/wp-json\/wp\/v2\/users\/1"}],"replies":[{"embeddable":true,"href":"https:\/\/marinapuntaverde.it\/de\/wp-json\/wp\/v2\/comments?post=1231"}],"version-history":[{"count":14,"href":"https:\/\/marinapuntaverde.it\/de\/wp-json\/wp\/v2\/pages\/1231\/revisions"}],"predecessor-version":[{"id":2159,"href":"https:\/\/marinapuntaverde.it\/de\/wp-json\/wp\/v2\/pages\/1231\/revisions\/2159"}],"wp:attachment":[{"href":"https:\/\/marinapuntaverde.it\/de\/wp-json\/wp\/v2\/media?parent=1231"}],"curies":[{"name":"wp","href":"https:\/\/api.w.org\/{rel}","templated":true}]}}