{"id":1221,"date":"2018-11-08T18:24:44","date_gmt":"2018-11-08T17:24:44","guid":{"rendered":"http:\/\/marinapuntaverde.it\/?page_id=1221"},"modified":"2024-06-15T17:49:26","modified_gmt":"2024-06-15T15:49:26","slug":"die-werft","status":"publish","type":"page","link":"https:\/\/marinapuntaverde.it\/de\/die-werft\/","title":{"rendered":"Die Werft"},"content":{"rendered":"[mk_page_section bg_image=&#8220;http:\/\/marinapuntaverde.it\/wp-content\/uploads\/header_cantiere_nautico.jpg&#8220; bg_position=&#8220;center top&#8220; bg_repeat=&#8220;no-repeat&#8220; bg_stretch=&#8220;true&#8220; adaptive_height=&#8220;true&#8220; max_height=&#8220;0&#8243; min_height=&#8220;0&#8243; full_width=&#8220;true&#8220; padding_top=&#8220;0&#8243; padding_bottom=&#8220;0&#8243; sidebar=&#8220;sidebar-1&#8243;][vc_column][\/vc_column][\/mk_page_section][mk_page_section bg_image=&#8220;http:\/\/marinapuntaverde.it\/wp-content\/uploads\/background_legno1.png&#8220; bg_position=&#8220;center bottom&#8220; bg_repeat=&#8220;repeat-x&#8220; min_height=&#8220;0&#8243; padding_top=&#8220;70&#8243; padding_bottom=&#8220;70&#8243; sidebar=&#8220;sidebar-1&#8243;][vc_column][mk_fancy_title color=&#8220;#454545&#8243; size=&#8220;&#8220; force_font_size=&#8220;true&#8220; size_phone=&#8220;15&#8243; font_weight=&#8220;600&#8243; txt_transform=&#8220;none&#8220; letter_spacing=&#8220;2&#8243; margin_top=&#8220;20&#8243; font_family=&#8220;none&#8220; align=&#8220;center&#8220;]Die Werft[\/mk_fancy_title][vc_column_text disable_pattern=&#8220;false&#8220; margin_bottom=&#8220;10&#8243; css=&#8220;.vc_custom_1553075553279{margin-bottom: 5px !important;}&#8220;]In der Anlage Marina Punta Verde finden Sie alle professionellen technischen Dienstleistungen und Zubeh\u00f6r, die Sie ben\u00f6tigen.<br \/>\nEine gro\u00dfe Auswahl an Boote zum Verkauf oder zur Vermietung steht Ihnen ebenfalls zur Verf\u00fcgung.[\/vc_column_text][\/vc_column][\/mk_page_section][mk_page_section bg_position=&#8220;center top&#8220; bg_repeat=&#8220;no-repeat&#8220; min_height=&#8220;0&#8243; padding_top=&#8220;100&#8243; padding_bottom=&#8220;70&#8243; sidebar=&#8220;sidebar-1&#8243;][vc_column width=&#8220;1\/4&#8243;][mk_custom_box bg_color=&#8220;#000000&#8243;][mk_image src=&#8220;https:\/\/marinapuntaverde.it\/wp-content\/uploads\/polinautica.png&#8220; image_size=&#8220;full&#8220; align=&#8220;center&#8220; margin_bottom=&#8220;0&#8243; animation=&#8220;scale-up&#8220;][\/mk_custom_box][mk_button dimension=&#8220;flat&#8220; corner_style=&#8220;rounded&#8220; size=&#8220;medium&#8220; icon=&#8220;mk-icon-share&#8220; url=&#8220;https:\/\/www.polinautica.com\/&#8220; target=&#8220;_blank&#8220; nofollow=&#8220;true&#8220; align=&#8220;center&#8220; bg_color=&#8220;rgba(0,0,0,0)&#8220; btn_hover_bg=&#8220;#dbdbdb&#8220; text_color=&#8220;dark&#8220;]Webseite besuchen[\/mk_button][\/vc_column][vc_column width=&#8220;3\/4&#8243; css=&#8220;.vc_custom_1540895766587{padding-right: 80px !important;}&#8220;][vc_column_text disable_pattern=&#8220;false&#8220; margin_bottom=&#8220;10&#8243; css=&#8220;.vc_custom_1718466137619{margin-bottom: 5px !important;}&#8220;]Polinautica wurde im Januar 2017 auf Initiative seines Gr\u00fcnders Yves Alain Schmidt gegr\u00fcndet, der sich nach seinem Ingenieurstudium in der Schweiz dazu entschloss, zu seinen Urspr\u00fcngen zur\u00fcckzukehren, da er in der Umgebung von Lignano Sabbiadoro aufwuchs und Sohn historischer Schiffsbetreiber war im Bereich der Bootsdienstleistungen ein entscheidendes Element f\u00fcr die Gr\u00fcndung eines neuen Unternehmens, in dem Leidenschaft, F\u00e4higkeiten und Technologien mit einer qualifizierten Belegschaft einhergehen. Dank seiner Wurzeln verbindet es die Qualit\u00e4t italienischer Arbeit mit Schweizer Zuverl\u00e4ssigkeit.<\/p>\n<p>&nbsp;<\/p>\n<p>Das Unternehmen ist auf die Wartung und Reparatur von Booten spezialisiert und erf\u00fcllt alle Anforderungen, um eine komplette Wartung von Booten anzubieten und so ein wichtiger Bezugspunkt zu sein.<\/p>\n<p>&nbsp;<\/p>\n<p>Polinautica besteht aus einem kompetenten Team junger Techniker, die gleichzeitig \u00fcber jahrzehntelange Erfahrung im Bereich der mechanischen Wartung von Schiffsmotoren, Karosserien und Elektronik aller Schiffstypen verf\u00fcgen.<\/p>\n<p>&nbsp;<\/p>\n<p>In der Marina Punta Verde gibt es einen 20-Tonnen-Kran. das das Zuwasserlassen und Schleppen erm\u00f6glicht und technische Hilfe an den R\u00fcmpfen (Waschen, Antifouling-Behandlungen, VTR-Behandlung), an den Motoren (autorisierte Caterpillar- und Suzuki-Werkstatt) und an der Bordausr\u00fcstung bietet. (Generalimporteure f\u00fcr Italien von Dockmate \u2013 Offizielle Hempel-Applikatoren)<\/p>\n<p>Als Winterlager stehen Schuppen oder alternativ ein gro\u00dfer Hof zur Verf\u00fcgung.<\/p>\n<p>Eine gro\u00dfe Verkaufsstelle bietet Zubeh\u00f6r, Bootsbekleidung, Ersatzteile und alles, was Sie an Bord ben\u00f6tigen.[\/vc_column_text][mk_button dimension=&#8220;flat&#8220; corner_style=&#8220;rounded&#8220; size=&#8220;medium&#8220; icon=&#8220;mk-icon-share&#8220; url=&#8220;https:\/\/marinapuntaverde.it\/wp-content\/uploads\/listino-polinautica-2024.pdf&#8220; target=&#8220;_blank&#8220; align=&#8220;center&#8220; bg_color=&#8220;rgba(0,0,0,0)&#8220; btn_hover_bg=&#8220;#dbdbdb&#8220; text_color=&#8220;dark&#8220;]Preise 2024[\/mk_button][\/vc_column][\/mk_page_section]\n","protected":false},"excerpt":{"rendered":"<p>[mk_page_section bg_image=&#8220;http:\/\/marinapuntaverde.it\/wp-content\/uploads\/header_cantiere_nautico.jpg&#8220; bg_position=&#8220;center top&#8220; bg_repeat=&#8220;no-repeat&#8220; bg_stretch=&#8220;true&#8220; adaptive_height=&#8220;true&#8220; max_height=&#8220;0&#8243; min_height=&#8220;0&#8243; full_width=&#8220;true&#8220; padding_top=&#8220;0&#8243; padding_bottom=&#8220;0&#8243; sidebar=&#8220;sidebar-1&#8243;][vc_column][\/vc_column][\/mk_page_section][mk_page_section bg_image=&#8220;http:\/\/marinapuntaverde.it\/wp-content\/uploads\/background_legno1.png&#8220; bg_position=&#8220;center bottom&#8220; bg_repeat=&#8220;repeat-x&#8220; min_height=&#8220;0&#8243; padding_top=&#8220;70&#8243; padding_bottom=&#8220;70&#8243; sidebar=&#8220;sidebar-1&#8243;][vc_column][mk_fancy_title color=&#8220;#454545&#8243; size=&#8220;&#8220; force_font_size=&#8220;true&#8220; size_phone=&#8220;15&#8243; font_weight=&#8220;600&#8243; txt_transform=&#8220;none&#8220; letter_spacing=&#8220;2&#8243; margin_top=&#8220;20&#8243; font_family=&#8220;none&#8220; align=&#8220;center&#8220;]Die Werft[\/mk_fancy_title][vc_column_text disable_pattern=&#8220;false&#8220; margin_bottom=&#8220;10&#8243; css=&#8220;.vc_custom_1553075553279{margin-bottom: 5px !important;}&#8220;]In der Anlage Marina Punta Verde finden Sie alle professionellen technischen Dienstleistungen und Zubeh\u00f6r, die Sie ben\u00f6tigen.<br \/>\nEine gro\u00dfe Auswahl an Boote zum Verkauf oder zur Vermietung steht Ihnen ebenfalls zur Verf\u00fcgung.[\/vc_column_text][\/vc_column][\/mk_page_section][mk_page_section bg_position=&#8220;center top&#8220; bg_repeat=&#8220;no-repeat&#8220; min_height=&#8220;0&#8243; padding_top=&#8220;100&#8243; padding_bottom=&#8220;70&#8243; sidebar=&#8220;sidebar-1&#8243;][vc_column width=&#8220;1\/4&#8243;][mk_custom_box bg_color=&#8220;#000000&#8243;][mk_image src=&#8220;https:\/\/marinapuntaverde.it\/wp-content\/uploads\/polinautica.png&#8220; image_size=&#8220;full&#8220; align=&#8220;center&#8220; margin_bottom=&#8220;0&#8243; animation=&#8220;scale-up&#8220;][\/mk_custom_box][mk_button dimension=&#8220;flat&#8220; corner_style=&#8220;rounded&#8220; size=&#8220;medium&#8220; icon=&#8220;mk-icon-share&#8220; url=&#8220;https:\/\/www.polinautica.com\/&#8220; target=&#8220;_blank&#8220; nofollow=&#8220;true&#8220; align=&#8220;center&#8220; bg_color=&#8220;rgba(0,0,0,0)&#8220; btn_hover_bg=&#8220;#dbdbdb&#8220; text_color=&#8220;dark&#8220;]Webseite besuchen[\/mk_button][\/vc_column][vc_column width=&#8220;3\/4&#8243; css=&#8220;.vc_custom_1540895766587{padding-right: 80px !important;}&#8220;][vc_column_text disable_pattern=&#8220;false&#8220; margin_bottom=&#8220;10&#8243; css=&#8220;.vc_custom_1718466137619{margin-bottom: 5px !important;}&#8220;]Polinautica wurde im Januar 2017 auf Initiative seines Gr\u00fcnders Yves Alain Schmidt gegr\u00fcndet, der sich nach seinem Ingenieurstudium in der Schweiz dazu entschloss, zu seinen Urspr\u00fcngen zur\u00fcckzukehren, da er in der Umgebung von Lignano Sabbiadoro aufwuchs und Sohn historischer Schiffsbetreiber war im Bereich der Bootsdienstleistungen ein entscheidendes Element f\u00fcr die Gr\u00fcndung eines neuen Unternehmens, in dem Leidenschaft, F\u00e4higkeiten und Technologien mit einer qualifizierten Belegschaft einhergehen. Dank seiner Wurzeln verbindet es die Qualit\u00e4t italienischer Arbeit mit Schweizer Zuverl\u00e4ssigkeit.<br \/>\n&nbsp;<br \/>\nDas Unternehmen ist auf die Wartung und Reparatur von Booten spezialisiert und erf\u00fcllt alle Anforderungen, um eine komplette Wartung von Booten anzubieten und so ein wichtiger Bezugspunkt zu sein.<\/p>\n","protected":false},"author":1,"featured_media":0,"parent":0,"menu_order":0,"comment_status":"closed","ping_status":"closed","template":"","meta":{"footnotes":""},"class_list":["post-1221","page","type-page","status-publish","hentry"],"aioseo_notices":[],"_links":{"self":[{"href":"https:\/\/marinapuntaverde.it\/de\/wp-json\/wp\/v2\/pages\/1221","targetHints":{"allow":["GET"]}}],"collection":[{"href":"https:\/\/marinapuntaverde.it\/de\/wp-json\/wp\/v2\/pages"}],"about":[{"href":"https:\/\/marinapuntaverde.it\/de\/wp-json\/wp\/v2\/types\/page"}],"author":[{"embeddable":true,"href":"https:\/\/marinapuntaverde.it\/de\/wp-json\/wp\/v2\/users\/1"}],"replies":[{"embeddable":true,"href":"https:\/\/marinapuntaverde.it\/de\/wp-json\/wp\/v2\/comments?post=1221"}],"version-history":[{"count":16,"href":"https:\/\/marinapuntaverde.it\/de\/wp-json\/wp\/v2\/pages\/1221\/revisions"}],"predecessor-version":[{"id":2260,"href":"https:\/\/marinapuntaverde.it\/de\/wp-json\/wp\/v2\/pages\/1221\/revisions\/2260"}],"wp:attachment":[{"href":"https:\/\/marinapuntaverde.it\/de\/wp-json\/wp\/v2\/media?parent=1221"}],"curies":[{"name":"wp","href":"https:\/\/api.w.org\/{rel}","templated":true}]}}