{"id":1213,"date":"2018-11-07T06:22:58","date_gmt":"2018-11-07T05:22:58","guid":{"rendered":"http:\/\/marinapuntaverde.it\/?page_id=1213"},"modified":"2022-11-03T17:39:25","modified_gmt":"2022-11-03T16:39:25","slug":"der-hafen","status":"publish","type":"page","link":"https:\/\/marinapuntaverde.it\/de\/der-hafen\/","title":{"rendered":"Der Hafen"},"content":{"rendered":"[mk_page_section bg_image=&#8220;http:\/\/marinapuntaverde.it\/wp-content\/uploads\/header_il-porto.jpg&#8220; bg_position=&#8220;center top&#8220; bg_repeat=&#8220;no-repeat&#8220; bg_stretch=&#8220;true&#8220; adaptive_height=&#8220;true&#8220; max_height=&#8220;0&#8243; min_height=&#8220;0&#8243; full_width=&#8220;true&#8220; padding_top=&#8220;0&#8243; padding_bottom=&#8220;0&#8243; sidebar=&#8220;sidebar-1&#8243;][vc_column][\/vc_column][\/mk_page_section][mk_page_section bg_image=&#8220;http:\/\/marinapuntaverde.it\/wp-content\/uploads\/background_legno1.png&#8220; bg_position=&#8220;center bottom&#8220; bg_repeat=&#8220;repeat-x&#8220; min_height=&#8220;0&#8243; padding_top=&#8220;70&#8243; padding_bottom=&#8220;70&#8243; sidebar=&#8220;sidebar-1&#8243;][vc_column][mk_fancy_title color=&#8220;#454545&#8243; size=&#8220;&#8220; force_font_size=&#8220;true&#8220; size_phone=&#8220;15&#8243; font_weight=&#8220;600&#8243; txt_transform=&#8220;none&#8220; letter_spacing=&#8220;2&#8243; margin_top=&#8220;20&#8243; font_family=&#8220;none&#8220; align=&#8220;center&#8220;]Der Hafen. Alles an Ihren Fingerspitzen[\/mk_fancy_title][vc_column_text disable_pattern=&#8220;false&#8220; margin_bottom=&#8220;10&#8243; css=&#8220;.vc_custom_1553014486217{margin-bottom: 5px !important;}&#8220;]30.000 qm Wasseroberfl\u00e4che formen ein Becken mit 270 Liegepl\u00e4tze f\u00fcr Boote von 6- bis 20 m. L\u00e4nge.<br \/>\nDer Hafenbecken, ruhiger Zufluchtsort am Rande des Flusses von einer einzigartigen Halbinsel gesch\u00fctzt, verf\u00fcgt \u00fcber modernste Dienst- und Wartungsleistung innovativ in Bezug auf Leistungs-F\u00e4higkeiten und Dienstbeflissenheit[\/vc_column_text][mk_button dimension=&#8220;flat&#8220; corner_style=&#8220;rounded&#8220; size=&#8220;medium&#8220; icon=&#8220;mk-icon-share&#8220; url=&#8220;\/de\/kontakte\/&#8220; align=&#8220;center&#8220; bg_color=&#8220;rgba(0,0,0,0)&#8220; btn_hover_bg=&#8220;#dbdbdb&#8220; text_color=&#8220;dark&#8220;]Kontakt[\/mk_button][\/vc_column][\/mk_page_section][mk_page_section bg_position=&#8220;center top&#8220; bg_repeat=&#8220;no-repeat&#8220; min_height=&#8220;0&#8243; padding_top=&#8220;100&#8243; padding_bottom=&#8220;0&#8243; sidebar=&#8220;sidebar-1&#8243;][vc_column width=&#8220;1\/2&#8243;][mk_image src=&#8220;http:\/\/marinapuntaverde.it\/wp-content\/uploads\/ormeggi.jpg&#8220; image_size=&#8220;full&#8220; align=&#8220;right&#8220; margin_bottom=&#8220;0&#8243;][\/vc_column][vc_column width=&#8220;1\/2&#8243; css=&#8220;.vc_custom_1540895766587{padding-right: 80px !important;}&#8220;][vc_column_text disable_pattern=&#8220;false&#8220; margin_bottom=&#8220;10&#8243; css=&#8220;.vc_custom_1553014584009{margin-bottom: 5px !important;}&#8220;]Die schwimmenden Landungsstege der Ankerpl\u00e4tze sind aus Aluminium mit Edelholz-Lauffl\u00e4che hergestellt. Seitlich sind \u201eFingers\u201c angebracht um eine reibungslose Zufahrt der Boote zu erm\u00f6glichen und um deren Verankerung zu erleichtern.<br \/>\nAlle Ankerpl\u00e4tze sind mit Steckdosen f\u00fcr 220 V Strom (von 16 bis 32 A, je nach Gr\u00f6\u00dfe des Bootes) mit Trinkwasser-Anschluss ausgestattet sowie auch mit kostenlosem WLAN.<br \/>\nAuf dem Steg stehen den G\u00e4sten komfortable Gep\u00e4ckwagen f\u00fcr die \u00dcbergabe der Ausr\u00fcstung vom Auto zum Boot, Fahrradtr\u00e4ger und Spezialbeh\u00e4lter f\u00fcr die Sammlung von Alt\u00f6l, Motorfilter und verbrauchten Batterien zur Verf\u00fcgung.[\/vc_column_text][mk_button dimension=&#8220;flat&#8220; corner_style=&#8220;rounded&#8220; size=&#8220;medium&#8220; icon=&#8220;mk-icon-share&#8220; url=&#8220;https:\/\/marinapuntaverde.it\/wp-content\/uploads\/listino-23-24-def.pdf&#8220; target=&#8220;_blank&#8220; align=&#8220;center&#8220; bg_color=&#8220;rgba(0,0,0,0)&#8220; btn_hover_bg=&#8220;#dbdbdb&#8220; text_color=&#8220;dark&#8220;]Preise 2023\/24[\/mk_button][\/vc_column][\/mk_page_section][mk_page_section bg_position=&#8220;center top&#8220; bg_repeat=&#8220;no-repeat&#8220; min_height=&#8220;0&#8243; padding_top=&#8220;70&#8243; padding_bottom=&#8220;0&#8243; visibility=&#8220;hidden-sm&#8220; sidebar=&#8220;sidebar-1&#8243;][vc_column width=&#8220;1\/2&#8243; css=&#8220;.vc_custom_1540895777893{padding-left: 80px !important;}&#8220;][vc_column_text disable_pattern=&#8220;false&#8220; margin_bottom=&#8220;10&#8243; css=&#8220;.vc_custom_1553015437767{margin-bottom: 5px !important;}&#8220;]Der Hafen verf\u00fcgt \u00fcber Brandalarmsysteme sowie \u00fcber die n\u00f6tigen Ausstattungen um Notlagen entgegenzutreten.<br \/>\nT\u00e4glich \u2013 w\u00e4hrend der Sommerzeit mehrmals am Tag \u2013 wird die getrennte M\u00fcll-Sammlung auf den Stege durchgef\u00fchrt.<br \/>\nEigenes daf\u00fcr bestimmtes Personal garantiert Beistand bei der Verankerung und \u00fcbt eine ununterbrochene \u00dcberwachung der Hafenanlage und der einzelnen Boote aus. Wir sind in der Lage s\u00e4mtliche n\u00fctzliche Informationen zu \u00fcbermitteln, die zur L\u00f6sung m\u00f6glicher Probleme der Schifffahrer f\u00fchren k\u00f6nnen.[\/vc_column_text][\/vc_column][vc_column width=&#8220;1\/2&#8243;][mk_image src=&#8220;http:\/\/marinapuntaverde.it\/wp-content\/uploads\/pontili.jpg&#8220; image_size=&#8220;full&#8220; align=&#8220;right&#8220; margin_bottom=&#8220;0&#8243;][\/vc_column][\/mk_page_section][mk_page_section bg_position=&#8220;center top&#8220; bg_repeat=&#8220;no-repeat&#8220; min_height=&#8220;0&#8243; padding_top=&#8220;70&#8243; padding_bottom=&#8220;0&#8243; visibility=&#8220;visible-sm&#8220; sidebar=&#8220;sidebar-1&#8243;][vc_column width=&#8220;1\/2&#8243;][mk_image src=&#8220;http:\/\/marinapuntaverde.it\/wp-content\/uploads\/pontili.jpg&#8220; image_size=&#8220;full&#8220; align=&#8220;right&#8220; margin_bottom=&#8220;0&#8243;][\/vc_column][vc_column width=&#8220;1\/2&#8243;][vc_column_text disable_pattern=&#8220;false&#8220; margin_bottom=&#8220;10&#8243; css=&#8220;.vc_custom_1553014650992{margin-bottom: 5px !important;}&#8220;]Der Hafen verf\u00fcgt \u00fcber Brandalarmsysteme sowie \u00fcber die n\u00f6tigen Ausstattungen um Notlagen entgegenzutreten.<br \/>\nT\u00e4glich \u2013 w\u00e4hrend der Sommerzeit mehrmals am Tag \u2013 wird die getrennte M\u00fcll-Sammlung auf den Stege durchgef\u00fchrt.<br \/>\nEigenes daf\u00fcr bestimmtes Personal garantiert Beistand bei der Verankerung und \u00fcbt eine ununterbrochene \u00dcberwachung der Hafenanlage und der einzelnen Boote aus. Wir sind in der Lage s\u00e4mtliche n\u00fctzliche Informationen zu \u00fcbermitteln, die zur L\u00f6sung m\u00f6glicher Probleme der Schifffahrer f\u00fchren k\u00f6nnen.[\/vc_column_text][\/vc_column][\/mk_page_section][mk_page_section bg_position=&#8220;center top&#8220; bg_repeat=&#8220;no-repeat&#8220; min_height=&#8220;0&#8243; padding_top=&#8220;70&#8243; padding_bottom=&#8220;70&#8243; sidebar=&#8220;sidebar-1&#8243;][vc_column width=&#8220;1\/2&#8243;][mk_image src=&#8220;http:\/\/marinapuntaverde.it\/wp-content\/uploads\/altri_servizi.jpg&#8220; image_size=&#8220;full&#8220; align=&#8220;right&#8220; margin_bottom=&#8220;0&#8243;][\/vc_column][vc_column width=&#8220;1\/2&#8243; css=&#8220;.vc_custom_1540895790289{padding-right: 80px !important;}&#8220;][vc_column_text disable_pattern=&#8220;false&#8220; margin_bottom=&#8220;10&#8243; css=&#8220;.vc_custom_1553014717549{margin-bottom: 5px !important;}&#8220;]Im Verwaltungsgeb\u00e4ude der Hafen-Direktion wird die Wetterlage konstant angepasst. Die Wetterberichte sind im Anschlagbrett zu finden mit den jeweiligen Vervollst\u00e4ndigung der Angaben durch die Schifffahrt-Wetterstation, des METEOSAT und NAVTEX Dienstes.<br \/>\nEs sind zudem auch s\u00e4mtliche touristische Informationen \u00fcber Lignano und seiner Umgebung erh\u00e4ltlich, den Kalender der verschiedenen Veranstaltungen, Hotel- Restaurant- und Taxibuchungen.<br \/>\nIm Zentrum des Hafens befindet sich das Servicegeb\u00e4ude mit Warmwasser-Duschen und Toiletten.<br \/>\nDirekt am Hafen, in Boots-N\u00e4he, befindet sich ein gro\u00dfer Parkplatz der einen Platz f\u00fcr Autos der Schifffahrer bietet.<br \/>\nDer Zutritt zum Parkplatz erfolgt durch \u00dcberschreitung einer Schranke welche nur berechtigten zul\u00e4sst.[\/vc_column_text][\/vc_column][\/mk_page_section][mk_page_section vertical_align=&#8220;top&#8220; bg_image=&#8220;http:\/\/marinapuntaverde.it\/wp-content\/uploads\/grafica_porto-1.png&#8220; bg_position=&#8220;center bottom&#8220; bg_repeat=&#8220;no-repeat&#8220; bg_stretch=&#8220;true&#8220; adaptive_height=&#8220;true&#8220; max_height=&#8220;&#8220; min_height=&#8220;&#8220; full_width=&#8220;true&#8220; padding_top=&#8220;0&#8243; padding_bottom=&#8220;70&#8243; sidebar=&#8220;sidebar-1&#8243;][vc_column][\/vc_column][\/mk_page_section]\n","protected":false},"excerpt":{"rendered":"<p>[mk_page_section bg_image=&#8220;http:\/\/marinapuntaverde.it\/wp-content\/uploads\/header_il-porto.jpg&#8220; bg_position=&#8220;center top&#8220; bg_repeat=&#8220;no-repeat&#8220; bg_stretch=&#8220;true&#8220; adaptive_height=&#8220;true&#8220; max_height=&#8220;0&#8243; min_height=&#8220;0&#8243; full_width=&#8220;true&#8220; padding_top=&#8220;0&#8243; padding_bottom=&#8220;0&#8243; sidebar=&#8220;sidebar-1&#8243;][vc_column][\/vc_column][\/mk_page_section][mk_page_section bg_image=&#8220;http:\/\/marinapuntaverde.it\/wp-content\/uploads\/background_legno1.png&#8220; bg_position=&#8220;center bottom&#8220; bg_repeat=&#8220;repeat-x&#8220; min_height=&#8220;0&#8243; padding_top=&#8220;70&#8243; padding_bottom=&#8220;70&#8243; sidebar=&#8220;sidebar-1&#8243;][vc_column][mk_fancy_title color=&#8220;#454545&#8243; size=&#8220;&#8220; force_font_size=&#8220;true&#8220; size_phone=&#8220;15&#8243; font_weight=&#8220;600&#8243; txt_transform=&#8220;none&#8220; letter_spacing=&#8220;2&#8243; margin_top=&#8220;20&#8243; font_family=&#8220;none&#8220; align=&#8220;center&#8220;]Der Hafen. Alles an Ihren Fingerspitzen[\/mk_fancy_title][vc_column_text disable_pattern=&#8220;false&#8220; margin_bottom=&#8220;10&#8243; css=&#8220;.vc_custom_1553014486217{margin-bottom: 5px !important;}&#8220;]30.000 qm Wasseroberfl\u00e4che formen ein Becken mit 270 Liegepl\u00e4tze f\u00fcr Boote von 6- bis 20 m. L\u00e4nge.<br \/>\nDer Hafenbecken, ruhiger Zufluchtsort am Rande des Flusses von einer einzigartigen Halbinsel gesch\u00fctzt, verf\u00fcgt \u00fcber modernste Dienst- und Wartungsleistung innovativ in Bezug auf Leistungs-F\u00e4higkeiten und Dienstbeflissenheit[\/vc_column_text][mk_button dimension=&#8220;flat&#8220; corner_style=&#8220;rounded&#8220; size=&#8220;medium&#8220; icon=&#8220;mk-icon-share&#8220; url=&#8220;\/de\/kontakte\/&#8220; align=&#8220;center&#8220; bg_color=&#8220;rgba(0,0,0,0)&#8220; btn_hover_bg=&#8220;#dbdbdb&#8220; text_color=&#8220;dark&#8220;]Kontakt[\/mk_button][\/vc_column][\/mk_page_section][mk_page_section bg_position=&#8220;center top&#8220; bg_repeat=&#8220;no-repeat&#8220; min_height=&#8220;0&#8243; padding_top=&#8220;100&#8243; padding_bottom=&#8220;0&#8243; sidebar=&#8220;sidebar-1&#8243;][vc_column width=&#8220;1\/2&#8243;][mk_image src=&#8220;http:\/\/marinapuntaverde.it\/wp-content\/uploads\/ormeggi.jpg&#8220; image_size=&#8220;full&#8220; align=&#8220;right&#8220; margin_bottom=&#8220;0&#8243;][\/vc_column][vc_column width=&#8220;1\/2&#8243; css=&#8220;.vc_custom_1540895766587{padding-right: 80px !important;}&#8220;][vc_column_text disable_pattern=&#8220;false&#8220; margin_bottom=&#8220;10&#8243; css=&#8220;.vc_custom_1553014584009{margin-bottom: 5px !important;}&#8220;]Die schwimmenden Landungsstege der Ankerpl\u00e4tze sind aus Aluminium mit Edelholz-Lauffl\u00e4che hergestellt. Seitlich sind \u201eFingers\u201c angebracht um eine reibungslose Zufahrt der Boote zu erm\u00f6glichen und um deren Verankerung zu erleichtern.<br \/>\nAlle Ankerpl\u00e4tze sind mit Steckdosen f\u00fcr 220 V Strom (von 16 bis 32 A, je nach Gr\u00f6\u00dfe des Bootes) mit Trinkwasser-Anschluss ausgestattet sowie auch mit kostenlosem WLAN.<br \/>\nAuf dem Steg stehen den G\u00e4sten komfortable Gep\u00e4ckwagen f\u00fcr die \u00dcbergabe der Ausr\u00fcstung vom Auto zum Boot, Fahrradtr\u00e4ger und Spezialbeh\u00e4lter f\u00fcr die Sammlung von Alt\u00f6l, Motorfilter und verbrauchten Batterien zur Verf\u00fcgung.[\/vc_column_text][mk_button dimension=&#8220;flat&#8220;<\/p>\n","protected":false},"author":1,"featured_media":0,"parent":0,"menu_order":0,"comment_status":"closed","ping_status":"closed","template":"","meta":{"footnotes":""},"class_list":["post-1213","page","type-page","status-publish","hentry"],"aioseo_notices":[],"_links":{"self":[{"href":"https:\/\/marinapuntaverde.it\/de\/wp-json\/wp\/v2\/pages\/1213","targetHints":{"allow":["GET"]}}],"collection":[{"href":"https:\/\/marinapuntaverde.it\/de\/wp-json\/wp\/v2\/pages"}],"about":[{"href":"https:\/\/marinapuntaverde.it\/de\/wp-json\/wp\/v2\/types\/page"}],"author":[{"embeddable":true,"href":"https:\/\/marinapuntaverde.it\/de\/wp-json\/wp\/v2\/users\/1"}],"replies":[{"embeddable":true,"href":"https:\/\/marinapuntaverde.it\/de\/wp-json\/wp\/v2\/comments?post=1213"}],"version-history":[{"count":19,"href":"https:\/\/marinapuntaverde.it\/de\/wp-json\/wp\/v2\/pages\/1213\/revisions"}],"predecessor-version":[{"id":2144,"href":"https:\/\/marinapuntaverde.it\/de\/wp-json\/wp\/v2\/pages\/1213\/revisions\/2144"}],"wp:attachment":[{"href":"https:\/\/marinapuntaverde.it\/de\/wp-json\/wp\/v2\/media?parent=1213"}],"curies":[{"name":"wp","href":"https:\/\/api.w.org\/{rel}","templated":true}]}}